{"id":23,"date":"2020-08-24T12:59:31","date_gmt":"2020-08-24T12:59:31","guid":{"rendered":"https:\/\/www.europlanet-gmap.eu\/?page_id=23"},"modified":"2020-11-24T09:16:28","modified_gmt":"2020-11-24T09:16:28","slug":"partners","status":"publish","type":"page","link":"https:\/\/www.europlanet-gmap.eu\/?page_id=23","title":{"rendered":"Partners"},"content":{"rendered":"\n<p>GMAP aims to serve the European planetary community through its JRA (Joint Research Activity) and VA (Virtual Access). In order to do so, several partners and institutions with previous experience in planetary geologic mapping are involved. <\/p>\n\n\n\n<p>If you want to perform some geologic mapping on Solar System bodies, please reach out to us, or check the Contacts page.<\/p>\n\n\n\n<p><a href=\"https:\/\/cbk.waw.pl\" target=\"_blank\" rel=\"noreferrer noopener\">Centrum Bada\u0144 Kosmicznych<\/a> Polskiej Akademii Nauk (CBK PAN), Poland<\/p>\n\n\n\n<p><a rel=\"noreferrer noopener\" href=\"https:\/\/www.dlr.de\/pf\" target=\"_blank\">Deutsches Zentrum f\u00fcr Luft- und Raumfahrt<\/a> (DLR), Germany<\/p>\n\n\n\n<p><a rel=\"noreferrer noopener\" href=\"https:\/\/www.isprambiente.gov.it\/it\/servizi\/il-servizio-geologico-ditalia\" target=\"_blank\">ISPRA, Servizio Geologico d&#8217;Italia<\/a>, Italy<\/p>\n\n\n\n<p><a href=\"http:\/\/www.inaf.it\/\" target=\"_blank\" rel=\"noreferrer noopener\">Istituto Nazionale di Astrofisica<\/a> (INAF), Italy<\/p>\n\n\n\n<p><a href=\"https:\/\/www.jacobs-university.de\" target=\"_blank\" rel=\"noreferrer noopener\">Jacobs University Bremen<\/a>, Germany<\/p>\n\n\n\n<p><a href=\"https:\/\/www.unich.it\" target=\"_blank\" rel=\"noreferrer noopener\">Universit\u00e0 d&#8217;Annunzio<\/a>, Italy<\/p>\n\n\n\n<p><a href=\"https:\/\/geoscienze.unipd.it\" target=\"_blank\" rel=\"noreferrer noopener\">Universit\u00e0 di Padova<\/a>, Italy<\/p>\n\n\n\n<p><a href=\"https:\/\/www.uni-muenster.de\/\" target=\"_blank\" rel=\"noreferrer noopener\">Westf\u00e4lische Wilhelms-Universit\u00e4t M\u00fcnster<\/a>, Germany<\/p>\n\n\n\n<hr class=\"wp-block-separator\"\/>\n\n\n\n<p>Additionally, Chinese planetary geologic mapping partners include:<\/p>\n\n\n\n<p><a rel=\"noreferrer noopener\" href=\"https:\/\/www.cugb.edu.cn\/EnglishWeb\/index.html\" target=\"_blank\">China University of Geosciences Beijing<\/a><\/p>\n\n\n\n<p>Wuhan University<\/p>\n\n\n\n<p>Shandong University<\/p>\n\n\n\n<p>Peking University<\/p>\n","protected":false},"excerpt":{"rendered":"<p>GMAP aims to serve the European planetary community through its JRA (Joint Research Activity) and VA (Virtual Access). In order to do so, several partners and institutions with previous experience in planetary geologic mapping are involved. If you want to perform some geologic mapping on Solar System bodies, please reach out to us, or check [&hellip;]<\/p>\n","protected":false},"author":3,"featured_media":85,"parent":0,"menu_order":0,"comment_status":"closed","ping_status":"closed","template":"","meta":{"_acf_changed":false,"footnotes":""},"class_list":["post-23","page","type-page","status-publish","has-post-thumbnail","hentry"],"acf":[],"_links":{"self":[{"href":"https:\/\/www.europlanet-gmap.eu\/index.php?rest_route=\/wp\/v2\/pages\/23","targetHints":{"allow":["GET"]}}],"collection":[{"href":"https:\/\/www.europlanet-gmap.eu\/index.php?rest_route=\/wp\/v2\/pages"}],"about":[{"href":"https:\/\/www.europlanet-gmap.eu\/index.php?rest_route=\/wp\/v2\/types\/page"}],"author":[{"embeddable":true,"href":"https:\/\/www.europlanet-gmap.eu\/index.php?rest_route=\/wp\/v2\/users\/3"}],"replies":[{"embeddable":true,"href":"https:\/\/www.europlanet-gmap.eu\/index.php?rest_route=%2Fwp%2Fv2%2Fcomments&post=23"}],"version-history":[{"count":9,"href":"https:\/\/www.europlanet-gmap.eu\/index.php?rest_route=\/wp\/v2\/pages\/23\/revisions"}],"predecessor-version":[{"id":39,"href":"https:\/\/www.europlanet-gmap.eu\/index.php?rest_route=\/wp\/v2\/pages\/23\/revisions\/39"}],"wp:featuredmedia":[{"embeddable":true,"href":"https:\/\/www.europlanet-gmap.eu\/index.php?rest_route=\/wp\/v2\/media\/85"}],"wp:attachment":[{"href":"https:\/\/www.europlanet-gmap.eu\/index.php?rest_route=%2Fwp%2Fv2%2Fmedia&parent=23"}],"curies":[{"name":"wp","href":"https:\/\/api.w.org\/{rel}","templated":true}]}}